{"id":10659,"date":"2023-02-09T14:38:11","date_gmt":"2023-02-09T14:38:11","guid":{"rendered":"https:\/\/sulin.ee\/?post_type=product&#038;p=10659"},"modified":"2025-09-07T21:47:57","modified_gmt":"2025-09-07T21:47:57","slug":"mangukaru-teddy-bear","status":"publish","type":"product","link":"https:\/\/sulin.ee\/en\/toode\/mangukaru-teddy-bear\/","title":{"rendered":"M\u00e4ngukaru Teddy Bear"},"content":{"rendered":"<p><strong>M\u00e4ngukaru Teddy Bear on armas v\u00e4ike karuke, kes valvab sinu pisikese und, kui ta magab ja pakub \u00e4rkvel olles seltsi. Temaga saab l\u00f5putult m\u00e4ngida ja hullata ning teda on hea paitada ja kaissu v\u00f5tta.<\/strong><\/p>\n<p>M\u00e4ngukaruga m\u00e4ngimine, selle katsumine ja haaramine ergutab beebi meeli ning l\u00e4bi sensoorse m\u00e4ngu areneb beebi peenmotoorika.<\/p>\n<p>Lisaks beebile on karu vahva kaaslane ka juba suuremale lapsele. Karuga m\u00e4ngimine aitab arendada lapse kujutlusv\u00f5imet ja fantaasiat. Teda on hea kaissu v\u00f5tta ning temaga on vahva koos seigelda.<\/p>\n<p><strong>M\u00e4ngukaru Teddy Bear k\u00f5rgus:<\/strong> 24 cm.<\/p>\n<p>Leia karule toredad <span style=\"color: #0000ff;\"><a style=\"color: #0000ff;\" href=\"https:\/\/sulin.ee\/tootekategooria\/lastele\/mangimine\/pehmed-manguasjad\/\" target=\"_blank\" rel=\"noopener\">s\u00f5brad siit<\/a><\/span>. Koos on neil veel vahvam!<\/p>\n<p><a href=\"https:\/\/jollein.com\/\" target=\"_blank\" rel=\"noopener\">Jollein<\/a> m\u00e4nguloomad on mahedates ja skandinaavialikes toonides, mis lisavad lastetuppa lapselikust ja hubast interj\u00f6\u00f6ri.<\/p>\n","protected":false},"excerpt":{"rendered":"<p><strong>Armas v\u00e4ike karuke, kes lohutab, pakub seltsi ning valvab sinu pisikese und, kui ta magab. Temaga saab l\u00f5putult m\u00e4ngida ja hullata ning teda on hea paitada ja kaissu v\u00f5tta.<\/strong><\/p>\n","protected":false},"featured_media":10660,"comment_status":"open","ping_status":"closed","template":"","meta":[],"product_brand":[],"product_cat":[768,776],"product_tag":[],"class_list":{"0":"post-10659","1":"product","2":"type-product","3":"status-publish","4":"has-post-thumbnail","6":"product_cat-pehmed-manguasjad","7":"product_cat-jollein-2","8":"has-post-title","9":"has-post-date","10":"has-post-category","11":"has-post-tag","12":"has-post-comment","13":"has-post-author","14":"","16":"first","17":"instock","18":"sale","19":"taxable","20":"shipping-taxable","21":"purchasable","22":"product-type-variable"},"yoast_head":"<!-- This site is optimized with the Yoast SEO plugin v26.8 - https:\/\/yoast.com\/product\/yoast-seo-wordpress\/ -->\n<title>M\u00e4ngukaru Teddy Bear - sulin.ee<\/title>\n<meta name=\"description\" content=\"M\u00e4ngukaru Teddy Bear on armas v\u00e4ike karuke, kes valvab sinu pisikese und kui ta magab ja pakub \u00e4rkvel olles seltsi. Temaga saab l\u00f5putult m\u00e4ngida ja hullata.\" \/>\n<meta name=\"robots\" content=\"index, follow, max-snippet:-1, max-image-preview:large, max-video-preview:-1\" \/>\n<link rel=\"canonical\" href=\"https:\/\/sulin.ee\/en\/toode\/mangukaru-teddy-bear\/\" \/>\n<meta property=\"og:locale\" content=\"en_US\" \/>\n<meta property=\"og:type\" content=\"article\" \/>\n<meta property=\"og:title\" content=\"M\u00e4ngukaru Teddy Bear - sulin.ee\" \/>\n<meta property=\"og:description\" content=\"M\u00e4ngukaru Teddy Bear on armas v\u00e4ike karuke, kes valvab sinu pisikese und kui ta magab ja pakub \u00e4rkvel olles seltsi. Temaga saab l\u00f5putult m\u00e4ngida ja hullata.\" \/>\n<meta property=\"og:url\" content=\"https:\/\/sulin.ee\/en\/toode\/mangukaru-teddy-bear\/\" \/>\n<meta property=\"og:site_name\" content=\"sulin.ee\" \/>\n<meta property=\"article:publisher\" content=\"https:\/\/www.facebook.com\/www.sulin.ee\/\" \/>\n<meta property=\"article:modified_time\" content=\"2025-09-07T21:47:57+00:00\" \/>\n<meta property=\"og:image\" content=\"https:\/\/sulin.ee\/wp-content\/uploads\/2023\/02\/FsPQ0aRE.jpeg\" \/>\n\t<meta property=\"og:image:width\" content=\"1920\" \/>\n\t<meta property=\"og:image:height\" content=\"1329\" \/>\n\t<meta property=\"og:image:type\" content=\"image\/jpeg\" \/>\n<meta name=\"twitter:card\" content=\"summary_large_image\" \/>\n<meta name=\"twitter:label1\" content=\"Est. reading time\" \/>\n\t<meta name=\"twitter:data1\" content=\"1 minute\" \/>\n<script type=\"application\/ld+json\" class=\"yoast-schema-graph\">{\"@context\":\"https:\/\/schema.org\",\"@graph\":[{\"@type\":\"WebPage\",\"@id\":\"https:\/\/sulin.ee\/en\/toode\/mangukaru-teddy-bear\/\",\"url\":\"https:\/\/sulin.ee\/en\/toode\/mangukaru-teddy-bear\/\",\"name\":\"M\u00e4ngukaru Teddy Bear - sulin.ee\",\"isPartOf\":{\"@id\":\"https:\/\/sulin.ee\/en\/#website\"},\"primaryImageOfPage\":{\"@id\":\"https:\/\/sulin.ee\/en\/toode\/mangukaru-teddy-bear\/#primaryimage\"},\"image\":{\"@id\":\"https:\/\/sulin.ee\/en\/toode\/mangukaru-teddy-bear\/#primaryimage\"},\"thumbnailUrl\":\"https:\/\/sulin.ee\/wp-content\/uploads\/2023\/02\/FsPQ0aRE.jpeg\",\"datePublished\":\"2023-02-09T14:38:11+00:00\",\"dateModified\":\"2025-09-07T21:47:57+00:00\",\"description\":\"M\u00e4ngukaru Teddy Bear on armas v\u00e4ike karuke, kes valvab sinu pisikese und kui ta magab ja pakub \u00e4rkvel olles seltsi. Temaga saab l\u00f5putult m\u00e4ngida ja hullata.\",\"breadcrumb\":{\"@id\":\"https:\/\/sulin.ee\/en\/toode\/mangukaru-teddy-bear\/#breadcrumb\"},\"inLanguage\":\"en-US\",\"potentialAction\":[{\"@type\":\"ReadAction\",\"target\":[\"https:\/\/sulin.ee\/en\/toode\/mangukaru-teddy-bear\/\"]}]},{\"@type\":\"ImageObject\",\"inLanguage\":\"en-US\",\"@id\":\"https:\/\/sulin.ee\/en\/toode\/mangukaru-teddy-bear\/#primaryimage\",\"url\":\"https:\/\/sulin.ee\/wp-content\/uploads\/2023\/02\/FsPQ0aRE.jpeg\",\"contentUrl\":\"https:\/\/sulin.ee\/wp-content\/uploads\/2023\/02\/FsPQ0aRE.jpeg\",\"width\":1920,\"height\":1329,\"caption\":\"M\u00e4ngukaru Teddy Bear\"},{\"@type\":\"BreadcrumbList\",\"@id\":\"https:\/\/sulin.ee\/en\/toode\/mangukaru-teddy-bear\/#breadcrumb\",\"itemListElement\":[{\"@type\":\"ListItem\",\"position\":1,\"name\":\"Home\",\"item\":\"https:\/\/sulin.ee\/en\/\"},{\"@type\":\"ListItem\",\"position\":2,\"name\":\"Sulin.ee e-pood\",\"item\":\"https:\/\/sulin.ee\/shop\/\"},{\"@type\":\"ListItem\",\"position\":3,\"name\":\"M\u00e4ngukaru Teddy Bear\"}]},{\"@type\":\"WebSite\",\"@id\":\"https:\/\/sulin.ee\/en\/#website\",\"url\":\"https:\/\/sulin.ee\/en\/\",\"name\":\"sulin.ee\",\"description\":\"\",\"publisher\":{\"@id\":\"https:\/\/sulin.ee\/en\/#organization\"},\"potentialAction\":[{\"@type\":\"SearchAction\",\"target\":{\"@type\":\"EntryPoint\",\"urlTemplate\":\"https:\/\/sulin.ee\/en\/?s={search_term_string}\"},\"query-input\":{\"@type\":\"PropertyValueSpecification\",\"valueRequired\":true,\"valueName\":\"search_term_string\"}}],\"inLanguage\":\"en-US\"},{\"@type\":\"Organization\",\"@id\":\"https:\/\/sulin.ee\/en\/#organization\",\"name\":\"SULIN TRADE O\u00dc\",\"url\":\"https:\/\/sulin.ee\/en\/\",\"logo\":{\"@type\":\"ImageObject\",\"inLanguage\":\"en-US\",\"@id\":\"https:\/\/sulin.ee\/en\/#\/schema\/logo\/image\/\",\"url\":\"https:\/\/sulin.ee\/wp-content\/uploads\/2022\/11\/sulin-logo.png\",\"contentUrl\":\"https:\/\/sulin.ee\/wp-content\/uploads\/2022\/11\/sulin-logo.png\",\"width\":871,\"height\":321,\"caption\":\"SULIN TRADE O\u00dc\"},\"image\":{\"@id\":\"https:\/\/sulin.ee\/en\/#\/schema\/logo\/image\/\"},\"sameAs\":[\"https:\/\/www.facebook.com\/www.sulin.ee\/\",\"https:\/\/www.instagram.com\/sulintrade\/\"]}]}<\/script>\n<!-- \/ Yoast SEO plugin. -->","yoast_head_json":{"title":"M\u00e4ngukaru Teddy Bear - sulin.ee","description":"M\u00e4ngukaru Teddy Bear on armas v\u00e4ike karuke, kes valvab sinu pisikese und kui ta magab ja pakub \u00e4rkvel olles seltsi. Temaga saab l\u00f5putult m\u00e4ngida ja hullata.","robots":{"index":"index","follow":"follow","max-snippet":"max-snippet:-1","max-image-preview":"max-image-preview:large","max-video-preview":"max-video-preview:-1"},"canonical":"https:\/\/sulin.ee\/en\/toode\/mangukaru-teddy-bear\/","og_locale":"en_US","og_type":"article","og_title":"M\u00e4ngukaru Teddy Bear - sulin.ee","og_description":"M\u00e4ngukaru Teddy Bear on armas v\u00e4ike karuke, kes valvab sinu pisikese und kui ta magab ja pakub \u00e4rkvel olles seltsi. Temaga saab l\u00f5putult m\u00e4ngida ja hullata.","og_url":"https:\/\/sulin.ee\/en\/toode\/mangukaru-teddy-bear\/","og_site_name":"sulin.ee","article_publisher":"https:\/\/www.facebook.com\/www.sulin.ee\/","article_modified_time":"2025-09-07T21:47:57+00:00","og_image":[{"width":1920,"height":1329,"url":"https:\/\/sulin.ee\/wp-content\/uploads\/2023\/02\/FsPQ0aRE.jpeg","type":"image\/jpeg"}],"twitter_card":"summary_large_image","twitter_misc":{"Est. reading time":"1 minute"},"schema":{"@context":"https:\/\/schema.org","@graph":[{"@type":"WebPage","@id":"https:\/\/sulin.ee\/en\/toode\/mangukaru-teddy-bear\/","url":"https:\/\/sulin.ee\/en\/toode\/mangukaru-teddy-bear\/","name":"M\u00e4ngukaru Teddy Bear - sulin.ee","isPartOf":{"@id":"https:\/\/sulin.ee\/en\/#website"},"primaryImageOfPage":{"@id":"https:\/\/sulin.ee\/en\/toode\/mangukaru-teddy-bear\/#primaryimage"},"image":{"@id":"https:\/\/sulin.ee\/en\/toode\/mangukaru-teddy-bear\/#primaryimage"},"thumbnailUrl":"https:\/\/sulin.ee\/wp-content\/uploads\/2023\/02\/FsPQ0aRE.jpeg","datePublished":"2023-02-09T14:38:11+00:00","dateModified":"2025-09-07T21:47:57+00:00","description":"M\u00e4ngukaru Teddy Bear on armas v\u00e4ike karuke, kes valvab sinu pisikese und kui ta magab ja pakub \u00e4rkvel olles seltsi. Temaga saab l\u00f5putult m\u00e4ngida ja hullata.","breadcrumb":{"@id":"https:\/\/sulin.ee\/en\/toode\/mangukaru-teddy-bear\/#breadcrumb"},"inLanguage":"en-US","potentialAction":[{"@type":"ReadAction","target":["https:\/\/sulin.ee\/en\/toode\/mangukaru-teddy-bear\/"]}]},{"@type":"ImageObject","inLanguage":"en-US","@id":"https:\/\/sulin.ee\/en\/toode\/mangukaru-teddy-bear\/#primaryimage","url":"https:\/\/sulin.ee\/wp-content\/uploads\/2023\/02\/FsPQ0aRE.jpeg","contentUrl":"https:\/\/sulin.ee\/wp-content\/uploads\/2023\/02\/FsPQ0aRE.jpeg","width":1920,"height":1329,"caption":"M\u00e4ngukaru Teddy Bear"},{"@type":"BreadcrumbList","@id":"https:\/\/sulin.ee\/en\/toode\/mangukaru-teddy-bear\/#breadcrumb","itemListElement":[{"@type":"ListItem","position":1,"name":"Home","item":"https:\/\/sulin.ee\/en\/"},{"@type":"ListItem","position":2,"name":"Sulin.ee e-pood","item":"https:\/\/sulin.ee\/shop\/"},{"@type":"ListItem","position":3,"name":"M\u00e4ngukaru Teddy Bear"}]},{"@type":"WebSite","@id":"https:\/\/sulin.ee\/en\/#website","url":"https:\/\/sulin.ee\/en\/","name":"sulin.ee","description":"","publisher":{"@id":"https:\/\/sulin.ee\/en\/#organization"},"potentialAction":[{"@type":"SearchAction","target":{"@type":"EntryPoint","urlTemplate":"https:\/\/sulin.ee\/en\/?s={search_term_string}"},"query-input":{"@type":"PropertyValueSpecification","valueRequired":true,"valueName":"search_term_string"}}],"inLanguage":"en-US"},{"@type":"Organization","@id":"https:\/\/sulin.ee\/en\/#organization","name":"SULIN TRADE O\u00dc","url":"https:\/\/sulin.ee\/en\/","logo":{"@type":"ImageObject","inLanguage":"en-US","@id":"https:\/\/sulin.ee\/en\/#\/schema\/logo\/image\/","url":"https:\/\/sulin.ee\/wp-content\/uploads\/2022\/11\/sulin-logo.png","contentUrl":"https:\/\/sulin.ee\/wp-content\/uploads\/2022\/11\/sulin-logo.png","width":871,"height":321,"caption":"SULIN TRADE O\u00dc"},"image":{"@id":"https:\/\/sulin.ee\/en\/#\/schema\/logo\/image\/"},"sameAs":["https:\/\/www.facebook.com\/www.sulin.ee\/","https:\/\/www.instagram.com\/sulintrade\/"]}]}},"builder_content":"","_links":{"self":[{"href":"https:\/\/sulin.ee\/en\/wp-json\/wp\/v2\/product\/10659","targetHints":{"allow":["GET"]}}],"collection":[{"href":"https:\/\/sulin.ee\/en\/wp-json\/wp\/v2\/product"}],"about":[{"href":"https:\/\/sulin.ee\/en\/wp-json\/wp\/v2\/types\/product"}],"replies":[{"embeddable":true,"href":"https:\/\/sulin.ee\/en\/wp-json\/wp\/v2\/comments?post=10659"}],"wp:featuredmedia":[{"embeddable":true,"href":"https:\/\/sulin.ee\/en\/wp-json\/wp\/v2\/media\/10660"}],"wp:attachment":[{"href":"https:\/\/sulin.ee\/en\/wp-json\/wp\/v2\/media?parent=10659"}],"wp:term":[{"taxonomy":"product_brand","embeddable":true,"href":"https:\/\/sulin.ee\/en\/wp-json\/wp\/v2\/product_brand?post=10659"},{"taxonomy":"product_cat","embeddable":true,"href":"https:\/\/sulin.ee\/en\/wp-json\/wp\/v2\/product_cat?post=10659"},{"taxonomy":"product_tag","embeddable":true,"href":"https:\/\/sulin.ee\/en\/wp-json\/wp\/v2\/product_tag?post=10659"}],"curies":[{"name":"wp","href":"https:\/\/api.w.org\/{rel}","templated":true}]}}