{"id":104,"date":"2022-09-13T14:00:18","date_gmt":"2022-09-13T14:00:18","guid":{"rendered":"http:\/\/test.itson.ee\/sulin\/product\/bambaw-metallist-raseerija-roheline\/"},"modified":"2025-12-31T12:05:48","modified_gmt":"2025-12-31T12:05:48","slug":"bambaw-metallist-raseerija-roheline","status":"publish","type":"product","link":"https:\/\/sulin.ee\/en\/toode\/bambaw-metallist-raseerija-roheline\/","title":{"rendered":"Metallist raseerija tumeroheline"},"content":{"rendered":"<p><strong>Metallist raseerija tumeroheline<\/strong>\u00a0on keskkonnas\u00f5bralik ja elegantne alternatiiv \u00fchekordsetele plastikust raseerijatele. Igal aastal visatakse \u00e4ra miljardeid plastmassraseerijaid, mis reostavad loodust ja m\u00f5jutavad negatiivselt keskkonda. Bambaw raseerija aitab seda probleemi v\u00e4hendada, pakkudes vastupidavat ja stiilset lahendust nii meestele kui naistele.<\/p>\n<p>Pikk metallist k\u00e4epide tagab kindla haarde, muutes selle sobivaks keha- ja n\u00e4okarvade raseerimiseks igas olukorras \u2013 olgu see siis du\u0161i all, vannis v\u00f5i kraanikausi kohal. Vahetatavad<a href=\"https:\/\/sulin.ee\/toode\/bambaw-ziletiterad-5tk\/\"> roostevabast terasest terad<\/a> on kergesti taaskasutatavad, pakkudes lisav\u00e4\u00e4rtust ja kestvat kasutusmugavust.<\/p>\n<p><strong>Komplekt sisaldab:<\/strong><br \/>\n\u2705 Metallist k\u00e4epidemega raseerija<br \/>\n\u2705 Bambaw roostevabast terasest raseerimistera<\/p>\n<p><strong>Hooldus ja kasutamine:<\/strong> Terade vahetamise sagedus s\u00f5ltub kasutamise intensiivsusest ja karva t\u00fc\u00fcbist ning v\u00f5ib varieeruda m\u00f5nest n\u00e4dalast kuni kuuni.<\/p>\n<p><strong><a href=\"https:\/\/www.bambaw.com\/\">Bambaw<\/a> metallist raseerija tumeroheline<\/strong>\u00a0on praktiline ja keskkonnateadlik valik, mis pakub t\u00f5husat ja vastupidavat raseerimiskogemust, s\u00e4\u00e4stes samal ajal planeeti.<\/p>\n<p>Tutvu ka meie<a href=\"https:\/\/sulin.ee\/toode\/raseerimisseep-erinevad-lohnad\/\"> raseerimisseepidega,<\/a> mis tagavad t\u00e4iusliku raseerimiskogemuse!<\/p>\n<p style=\"text-align: justify;\">\n","protected":false},"excerpt":{"rendered":"<p><strong>Metallist raseerija on keskkonnas\u00f5bralik ja vastupidav alternatiiv plastikust raseerijatele. Sobib nii meestele kui naistele, pakkudes kindlat haaret ja vahetatavaid roostevabast terasest terasid, mis on taaskasutatavad. Stiilne ja j\u00e4tkusuutlik valik!<\/strong><\/p>\n","protected":false},"featured_media":3215,"comment_status":"open","ping_status":"closed","template":"","meta":[],"product_brand":[],"product_cat":[56,239],"product_tag":[249],"class_list":{"0":"post-104","1":"product","2":"type-product","3":"status-publish","4":"has-post-thumbnail","6":"product_cat-raseerijad","7":"product_cat-bambaw","8":"product_tag-bambaw","9":"has-post-title","10":"has-post-date","11":"has-post-category","12":"has-post-tag","13":"has-post-comment","14":"has-post-author","15":"","17":"first","18":"instock","19":"sale","20":"taxable","21":"shipping-taxable","22":"purchasable","23":"product-type-simple"},"yoast_head":"<!-- This site is optimized with the Yoast SEO plugin v26.8 - https:\/\/yoast.com\/product\/yoast-seo-wordpress\/ -->\n<title>Metallist raseerija tumeroheline - sulin.ee<\/title>\n<meta name=\"description\" content=\"Metallist raseerija tumeroheline on keskkonnas\u00f5bralik ja vastupidav alternatiiv plastikust raseerijatele. Sobib nii meestele kui naistele.\" \/>\n<meta name=\"robots\" content=\"index, follow, max-snippet:-1, max-image-preview:large, max-video-preview:-1\" \/>\n<link rel=\"canonical\" href=\"https:\/\/sulin.ee\/en\/toode\/bambaw-metallist-raseerija-roheline\/\" \/>\n<meta property=\"og:locale\" content=\"en_US\" \/>\n<meta property=\"og:type\" content=\"article\" \/>\n<meta property=\"og:title\" content=\"Metallist raseerija tumeroheline - sulin.ee\" \/>\n<meta property=\"og:description\" content=\"Metallist raseerija tumeroheline on keskkonnas\u00f5bralik ja vastupidav alternatiiv plastikust raseerijatele. Sobib nii meestele kui naistele.\" \/>\n<meta property=\"og:url\" content=\"https:\/\/sulin.ee\/en\/toode\/bambaw-metallist-raseerija-roheline\/\" \/>\n<meta property=\"og:site_name\" content=\"sulin.ee\" \/>\n<meta property=\"article:publisher\" content=\"https:\/\/www.facebook.com\/www.sulin.ee\/\" \/>\n<meta property=\"article:modified_time\" content=\"2025-12-31T12:05:48+00:00\" \/>\n<meta property=\"og:image\" content=\"https:\/\/sulin.ee\/wp-content\/uploads\/2022\/09\/RazorSeaGreen2-1.png\" \/>\n\t<meta property=\"og:image:width\" content=\"800\" \/>\n\t<meta property=\"og:image:height\" content=\"800\" \/>\n\t<meta property=\"og:image:type\" content=\"image\/png\" \/>\n<meta name=\"twitter:card\" content=\"summary_large_image\" \/>\n<meta name=\"twitter:label1\" content=\"Est. reading time\" \/>\n\t<meta name=\"twitter:data1\" content=\"1 minute\" \/>\n<script type=\"application\/ld+json\" class=\"yoast-schema-graph\">{\"@context\":\"https:\/\/schema.org\",\"@graph\":[{\"@type\":\"WebPage\",\"@id\":\"https:\/\/sulin.ee\/en\/toode\/bambaw-metallist-raseerija-roheline\/\",\"url\":\"https:\/\/sulin.ee\/en\/toode\/bambaw-metallist-raseerija-roheline\/\",\"name\":\"Metallist raseerija tumeroheline - sulin.ee\",\"isPartOf\":{\"@id\":\"https:\/\/sulin.ee\/en\/#website\"},\"primaryImageOfPage\":{\"@id\":\"https:\/\/sulin.ee\/en\/toode\/bambaw-metallist-raseerija-roheline\/#primaryimage\"},\"image\":{\"@id\":\"https:\/\/sulin.ee\/en\/toode\/bambaw-metallist-raseerija-roheline\/#primaryimage\"},\"thumbnailUrl\":\"https:\/\/sulin.ee\/wp-content\/uploads\/2022\/09\/RazorSeaGreen2-1.png\",\"datePublished\":\"2022-09-13T14:00:18+00:00\",\"dateModified\":\"2025-12-31T12:05:48+00:00\",\"description\":\"Metallist raseerija tumeroheline on keskkonnas\u00f5bralik ja vastupidav alternatiiv plastikust raseerijatele. Sobib nii meestele kui naistele.\",\"breadcrumb\":{\"@id\":\"https:\/\/sulin.ee\/en\/toode\/bambaw-metallist-raseerija-roheline\/#breadcrumb\"},\"inLanguage\":\"en-US\",\"potentialAction\":[{\"@type\":\"ReadAction\",\"target\":[\"https:\/\/sulin.ee\/en\/toode\/bambaw-metallist-raseerija-roheline\/\"]}]},{\"@type\":\"ImageObject\",\"inLanguage\":\"en-US\",\"@id\":\"https:\/\/sulin.ee\/en\/toode\/bambaw-metallist-raseerija-roheline\/#primaryimage\",\"url\":\"https:\/\/sulin.ee\/wp-content\/uploads\/2022\/09\/RazorSeaGreen2-1.png\",\"contentUrl\":\"https:\/\/sulin.ee\/wp-content\/uploads\/2022\/09\/RazorSeaGreen2-1.png\",\"width\":800,\"height\":800,\"caption\":\"Metallist raseerija tumeroheline\"},{\"@type\":\"BreadcrumbList\",\"@id\":\"https:\/\/sulin.ee\/en\/toode\/bambaw-metallist-raseerija-roheline\/#breadcrumb\",\"itemListElement\":[{\"@type\":\"ListItem\",\"position\":1,\"name\":\"Home\",\"item\":\"https:\/\/sulin.ee\/en\/\"},{\"@type\":\"ListItem\",\"position\":2,\"name\":\"Sulin.ee e-pood\",\"item\":\"https:\/\/sulin.ee\/shop\/\"},{\"@type\":\"ListItem\",\"position\":3,\"name\":\"Metallist raseerija tumeroheline\"}]},{\"@type\":\"WebSite\",\"@id\":\"https:\/\/sulin.ee\/en\/#website\",\"url\":\"https:\/\/sulin.ee\/en\/\",\"name\":\"sulin.ee\",\"description\":\"\",\"publisher\":{\"@id\":\"https:\/\/sulin.ee\/en\/#organization\"},\"potentialAction\":[{\"@type\":\"SearchAction\",\"target\":{\"@type\":\"EntryPoint\",\"urlTemplate\":\"https:\/\/sulin.ee\/en\/?s={search_term_string}\"},\"query-input\":{\"@type\":\"PropertyValueSpecification\",\"valueRequired\":true,\"valueName\":\"search_term_string\"}}],\"inLanguage\":\"en-US\"},{\"@type\":\"Organization\",\"@id\":\"https:\/\/sulin.ee\/en\/#organization\",\"name\":\"SULIN TRADE O\u00dc\",\"url\":\"https:\/\/sulin.ee\/en\/\",\"logo\":{\"@type\":\"ImageObject\",\"inLanguage\":\"en-US\",\"@id\":\"https:\/\/sulin.ee\/en\/#\/schema\/logo\/image\/\",\"url\":\"https:\/\/sulin.ee\/wp-content\/uploads\/2022\/11\/sulin-logo.png\",\"contentUrl\":\"https:\/\/sulin.ee\/wp-content\/uploads\/2022\/11\/sulin-logo.png\",\"width\":871,\"height\":321,\"caption\":\"SULIN TRADE O\u00dc\"},\"image\":{\"@id\":\"https:\/\/sulin.ee\/en\/#\/schema\/logo\/image\/\"},\"sameAs\":[\"https:\/\/www.facebook.com\/www.sulin.ee\/\",\"https:\/\/www.instagram.com\/sulintrade\/\"]}]}<\/script>\n<!-- \/ Yoast SEO plugin. -->","yoast_head_json":{"title":"Metallist raseerija tumeroheline - sulin.ee","description":"Metallist raseerija tumeroheline on keskkonnas\u00f5bralik ja vastupidav alternatiiv plastikust raseerijatele. Sobib nii meestele kui naistele.","robots":{"index":"index","follow":"follow","max-snippet":"max-snippet:-1","max-image-preview":"max-image-preview:large","max-video-preview":"max-video-preview:-1"},"canonical":"https:\/\/sulin.ee\/en\/toode\/bambaw-metallist-raseerija-roheline\/","og_locale":"en_US","og_type":"article","og_title":"Metallist raseerija tumeroheline - sulin.ee","og_description":"Metallist raseerija tumeroheline on keskkonnas\u00f5bralik ja vastupidav alternatiiv plastikust raseerijatele. Sobib nii meestele kui naistele.","og_url":"https:\/\/sulin.ee\/en\/toode\/bambaw-metallist-raseerija-roheline\/","og_site_name":"sulin.ee","article_publisher":"https:\/\/www.facebook.com\/www.sulin.ee\/","article_modified_time":"2025-12-31T12:05:48+00:00","og_image":[{"width":800,"height":800,"url":"https:\/\/sulin.ee\/wp-content\/uploads\/2022\/09\/RazorSeaGreen2-1.png","type":"image\/png"}],"twitter_card":"summary_large_image","twitter_misc":{"Est. reading time":"1 minute"},"schema":{"@context":"https:\/\/schema.org","@graph":[{"@type":"WebPage","@id":"https:\/\/sulin.ee\/en\/toode\/bambaw-metallist-raseerija-roheline\/","url":"https:\/\/sulin.ee\/en\/toode\/bambaw-metallist-raseerija-roheline\/","name":"Metallist raseerija tumeroheline - sulin.ee","isPartOf":{"@id":"https:\/\/sulin.ee\/en\/#website"},"primaryImageOfPage":{"@id":"https:\/\/sulin.ee\/en\/toode\/bambaw-metallist-raseerija-roheline\/#primaryimage"},"image":{"@id":"https:\/\/sulin.ee\/en\/toode\/bambaw-metallist-raseerija-roheline\/#primaryimage"},"thumbnailUrl":"https:\/\/sulin.ee\/wp-content\/uploads\/2022\/09\/RazorSeaGreen2-1.png","datePublished":"2022-09-13T14:00:18+00:00","dateModified":"2025-12-31T12:05:48+00:00","description":"Metallist raseerija tumeroheline on keskkonnas\u00f5bralik ja vastupidav alternatiiv plastikust raseerijatele. Sobib nii meestele kui naistele.","breadcrumb":{"@id":"https:\/\/sulin.ee\/en\/toode\/bambaw-metallist-raseerija-roheline\/#breadcrumb"},"inLanguage":"en-US","potentialAction":[{"@type":"ReadAction","target":["https:\/\/sulin.ee\/en\/toode\/bambaw-metallist-raseerija-roheline\/"]}]},{"@type":"ImageObject","inLanguage":"en-US","@id":"https:\/\/sulin.ee\/en\/toode\/bambaw-metallist-raseerija-roheline\/#primaryimage","url":"https:\/\/sulin.ee\/wp-content\/uploads\/2022\/09\/RazorSeaGreen2-1.png","contentUrl":"https:\/\/sulin.ee\/wp-content\/uploads\/2022\/09\/RazorSeaGreen2-1.png","width":800,"height":800,"caption":"Metallist raseerija tumeroheline"},{"@type":"BreadcrumbList","@id":"https:\/\/sulin.ee\/en\/toode\/bambaw-metallist-raseerija-roheline\/#breadcrumb","itemListElement":[{"@type":"ListItem","position":1,"name":"Home","item":"https:\/\/sulin.ee\/en\/"},{"@type":"ListItem","position":2,"name":"Sulin.ee e-pood","item":"https:\/\/sulin.ee\/shop\/"},{"@type":"ListItem","position":3,"name":"Metallist raseerija tumeroheline"}]},{"@type":"WebSite","@id":"https:\/\/sulin.ee\/en\/#website","url":"https:\/\/sulin.ee\/en\/","name":"sulin.ee","description":"","publisher":{"@id":"https:\/\/sulin.ee\/en\/#organization"},"potentialAction":[{"@type":"SearchAction","target":{"@type":"EntryPoint","urlTemplate":"https:\/\/sulin.ee\/en\/?s={search_term_string}"},"query-input":{"@type":"PropertyValueSpecification","valueRequired":true,"valueName":"search_term_string"}}],"inLanguage":"en-US"},{"@type":"Organization","@id":"https:\/\/sulin.ee\/en\/#organization","name":"SULIN TRADE O\u00dc","url":"https:\/\/sulin.ee\/en\/","logo":{"@type":"ImageObject","inLanguage":"en-US","@id":"https:\/\/sulin.ee\/en\/#\/schema\/logo\/image\/","url":"https:\/\/sulin.ee\/wp-content\/uploads\/2022\/11\/sulin-logo.png","contentUrl":"https:\/\/sulin.ee\/wp-content\/uploads\/2022\/11\/sulin-logo.png","width":871,"height":321,"caption":"SULIN TRADE O\u00dc"},"image":{"@id":"https:\/\/sulin.ee\/en\/#\/schema\/logo\/image\/"},"sameAs":["https:\/\/www.facebook.com\/www.sulin.ee\/","https:\/\/www.instagram.com\/sulintrade\/"]}]}},"builder_content":"","_links":{"self":[{"href":"https:\/\/sulin.ee\/en\/wp-json\/wp\/v2\/product\/104","targetHints":{"allow":["GET"]}}],"collection":[{"href":"https:\/\/sulin.ee\/en\/wp-json\/wp\/v2\/product"}],"about":[{"href":"https:\/\/sulin.ee\/en\/wp-json\/wp\/v2\/types\/product"}],"replies":[{"embeddable":true,"href":"https:\/\/sulin.ee\/en\/wp-json\/wp\/v2\/comments?post=104"}],"wp:featuredmedia":[{"embeddable":true,"href":"https:\/\/sulin.ee\/en\/wp-json\/wp\/v2\/media\/3215"}],"wp:attachment":[{"href":"https:\/\/sulin.ee\/en\/wp-json\/wp\/v2\/media?parent=104"}],"wp:term":[{"taxonomy":"product_brand","embeddable":true,"href":"https:\/\/sulin.ee\/en\/wp-json\/wp\/v2\/product_brand?post=104"},{"taxonomy":"product_cat","embeddable":true,"href":"https:\/\/sulin.ee\/en\/wp-json\/wp\/v2\/product_cat?post=104"},{"taxonomy":"product_tag","embeddable":true,"href":"https:\/\/sulin.ee\/en\/wp-json\/wp\/v2\/product_tag?post=104"}],"curies":[{"name":"wp","href":"https:\/\/api.w.org\/{rel}","templated":true}]}}