{"id":10375,"date":"2023-02-06T14:09:09","date_gmt":"2023-02-06T14:09:09","guid":{"rendered":"https:\/\/sulin.ee\/?post_type=product&#038;p=10375"},"modified":"2026-04-05T13:01:03","modified_gmt":"2026-04-05T13:01:03","slug":"jollein-vooditasku","status":"publish","type":"product","link":"https:\/\/sulin.ee\/en\/toode\/jollein-vooditasku\/","title":{"rendered":"Jollein vooditasku"},"content":{"rendered":"<p><strong>Jollein vooditasku on k\u00e4ep\u00e4rane velvetist hoiustamiskott, kus on mugav hoiustada vajalikke ja k\u00e4ep\u00e4raseid asju.<\/strong> Pehme vooditasku saab kinnitada v\u00f5revoodi, m\u00e4hkimislaua v\u00f5i m\u00e4nguaediku k\u00fclge. Hoiusta seal puhtaid m\u00e4hkmeid, lutti v\u00f5i beebi lemmik m\u00e4nguasju.<\/p>\n<p><a href=\"https:\/\/jollein.com\/\" target=\"_blank\" rel=\"noopener\">Jollein<\/a> vooditasku on valmistatud neutraalsetes toonides ning sobib igasse interj\u00f6\u00f6ri. Vooditaskul on kaks eraldi taskut ning selle m\u00f5\u00f5dud on 50 x 30 cm.<\/p>\n<p>Vaata ka sobivas toonis <span style=\"color: #0000ff;\"><a style=\"color: #0000ff;\" href=\"https:\/\/sulin.ee\/tootekategooria\/beebid\/mahkimislause-katted\/\" target=\"_blank\" rel=\"noopener\">m\u00e4hkimislause katteid.<\/a><\/span><\/p>\n","protected":false},"excerpt":{"rendered":"<p>Jollein vooditasku on k\u00e4ep\u00e4rane velvetist hoiustamiskott, kus on mugav hoiustada vajalikke ja k\u00e4ep\u00e4raseid asju. Pehme vooditasku saab kinnitada v\u00f5revoodi, m\u00e4hkimislaua v\u00f5i m\u00e4nguaediku k\u00fclge. Hoiusta seal puhtaid m\u00e4hkmeid, lutti v\u00f5i beebi lemmik m\u00e4nguasju. Jollein vooditasku on valmistatud neutraalsetes toonides ning sobib igasse interj\u00f6\u00f6ri. Vooditaskul on kaks eraldi taskut ning selle m\u00f5\u00f5dud on 50 x 30 cm. [&hellip;]<\/p>\n","protected":false},"featured_media":10378,"comment_status":"open","ping_status":"closed","template":"","meta":[],"product_brand":[],"product_cat":[776],"product_tag":[],"class_list":{"0":"post-10375","1":"product","2":"type-product","3":"status-publish","4":"has-post-thumbnail","6":"product_cat-jollein-2","7":"has-post-title","8":"has-post-date","9":"has-post-category","10":"has-post-tag","11":"has-post-comment","12":"has-post-author","13":"","15":"first","16":"instock","17":"sale","18":"taxable","19":"shipping-taxable","20":"purchasable","21":"product-type-variable"},"yoast_head":"<!-- This site is optimized with the Yoast SEO plugin v26.8 - https:\/\/yoast.com\/product\/yoast-seo-wordpress\/ -->\n<title>Jollein vooditasku - sulin.ee<\/title>\n<meta name=\"description\" content=\"Jollein vooditasku on k\u00e4ep\u00e4rane velvetist hoiustamiskott, kus on mugav hoiustada vajalikke ja k\u00e4ep\u00e4raseid asju. Sobib igasse interj\u00f6\u00f6ri.\" \/>\n<meta name=\"robots\" content=\"index, follow, max-snippet:-1, max-image-preview:large, max-video-preview:-1\" \/>\n<link rel=\"canonical\" href=\"https:\/\/sulin.ee\/en\/toode\/jollein-vooditasku\/\" \/>\n<meta property=\"og:locale\" content=\"en_US\" \/>\n<meta property=\"og:type\" content=\"article\" \/>\n<meta property=\"og:title\" content=\"Jollein vooditasku - sulin.ee\" \/>\n<meta property=\"og:description\" content=\"Jollein vooditasku on k\u00e4ep\u00e4rane velvetist hoiustamiskott, kus on mugav hoiustada vajalikke ja k\u00e4ep\u00e4raseid asju. Sobib igasse interj\u00f6\u00f6ri.\" \/>\n<meta property=\"og:url\" content=\"https:\/\/sulin.ee\/en\/toode\/jollein-vooditasku\/\" \/>\n<meta property=\"og:site_name\" content=\"sulin.ee\" \/>\n<meta property=\"article:publisher\" content=\"https:\/\/www.facebook.com\/www.sulin.ee\/\" \/>\n<meta property=\"article:modified_time\" content=\"2026-04-05T13:01:03+00:00\" \/>\n<meta property=\"og:image\" content=\"https:\/\/sulin.ee\/wp-content\/uploads\/2023\/02\/Jollein2021Zomer13811-e1675433071270.jpg\" \/>\n\t<meta property=\"og:image:width\" content=\"800\" \/>\n\t<meta property=\"og:image:height\" content=\"789\" \/>\n\t<meta property=\"og:image:type\" content=\"image\/jpeg\" \/>\n<meta name=\"twitter:card\" content=\"summary_large_image\" \/>\n<meta name=\"twitter:label1\" content=\"Est. reading time\" \/>\n\t<meta name=\"twitter:data1\" content=\"1 minute\" \/>\n<script type=\"application\/ld+json\" class=\"yoast-schema-graph\">{\"@context\":\"https:\/\/schema.org\",\"@graph\":[{\"@type\":\"WebPage\",\"@id\":\"https:\/\/sulin.ee\/en\/toode\/jollein-vooditasku\/\",\"url\":\"https:\/\/sulin.ee\/en\/toode\/jollein-vooditasku\/\",\"name\":\"Jollein vooditasku - sulin.ee\",\"isPartOf\":{\"@id\":\"https:\/\/sulin.ee\/en\/#website\"},\"primaryImageOfPage\":{\"@id\":\"https:\/\/sulin.ee\/en\/toode\/jollein-vooditasku\/#primaryimage\"},\"image\":{\"@id\":\"https:\/\/sulin.ee\/en\/toode\/jollein-vooditasku\/#primaryimage\"},\"thumbnailUrl\":\"https:\/\/sulin.ee\/wp-content\/uploads\/2023\/02\/Jollein2021Zomer13811-e1675433071270.jpg\",\"datePublished\":\"2023-02-06T14:09:09+00:00\",\"dateModified\":\"2026-04-05T13:01:03+00:00\",\"description\":\"Jollein vooditasku on k\u00e4ep\u00e4rane velvetist hoiustamiskott, kus on mugav hoiustada vajalikke ja k\u00e4ep\u00e4raseid asju. Sobib igasse interj\u00f6\u00f6ri.\",\"breadcrumb\":{\"@id\":\"https:\/\/sulin.ee\/en\/toode\/jollein-vooditasku\/#breadcrumb\"},\"inLanguage\":\"en-US\",\"potentialAction\":[{\"@type\":\"ReadAction\",\"target\":[\"https:\/\/sulin.ee\/en\/toode\/jollein-vooditasku\/\"]}]},{\"@type\":\"ImageObject\",\"inLanguage\":\"en-US\",\"@id\":\"https:\/\/sulin.ee\/en\/toode\/jollein-vooditasku\/#primaryimage\",\"url\":\"https:\/\/sulin.ee\/wp-content\/uploads\/2023\/02\/Jollein2021Zomer13811-e1675433071270.jpg\",\"contentUrl\":\"https:\/\/sulin.ee\/wp-content\/uploads\/2023\/02\/Jollein2021Zomer13811-e1675433071270.jpg\",\"width\":800,\"height\":789,\"caption\":\"Jollein vooditasku\"},{\"@type\":\"BreadcrumbList\",\"@id\":\"https:\/\/sulin.ee\/en\/toode\/jollein-vooditasku\/#breadcrumb\",\"itemListElement\":[{\"@type\":\"ListItem\",\"position\":1,\"name\":\"Home\",\"item\":\"https:\/\/sulin.ee\/en\/\"},{\"@type\":\"ListItem\",\"position\":2,\"name\":\"Sulin.ee e-pood\",\"item\":\"https:\/\/sulin.ee\/shop\/\"},{\"@type\":\"ListItem\",\"position\":3,\"name\":\"Jollein vooditasku\"}]},{\"@type\":\"WebSite\",\"@id\":\"https:\/\/sulin.ee\/en\/#website\",\"url\":\"https:\/\/sulin.ee\/en\/\",\"name\":\"sulin.ee\",\"description\":\"\",\"publisher\":{\"@id\":\"https:\/\/sulin.ee\/en\/#organization\"},\"potentialAction\":[{\"@type\":\"SearchAction\",\"target\":{\"@type\":\"EntryPoint\",\"urlTemplate\":\"https:\/\/sulin.ee\/en\/?s={search_term_string}\"},\"query-input\":{\"@type\":\"PropertyValueSpecification\",\"valueRequired\":true,\"valueName\":\"search_term_string\"}}],\"inLanguage\":\"en-US\"},{\"@type\":\"Organization\",\"@id\":\"https:\/\/sulin.ee\/en\/#organization\",\"name\":\"SULIN TRADE O\u00dc\",\"url\":\"https:\/\/sulin.ee\/en\/\",\"logo\":{\"@type\":\"ImageObject\",\"inLanguage\":\"en-US\",\"@id\":\"https:\/\/sulin.ee\/en\/#\/schema\/logo\/image\/\",\"url\":\"https:\/\/sulin.ee\/wp-content\/uploads\/2022\/11\/sulin-logo.png\",\"contentUrl\":\"https:\/\/sulin.ee\/wp-content\/uploads\/2022\/11\/sulin-logo.png\",\"width\":871,\"height\":321,\"caption\":\"SULIN TRADE O\u00dc\"},\"image\":{\"@id\":\"https:\/\/sulin.ee\/en\/#\/schema\/logo\/image\/\"},\"sameAs\":[\"https:\/\/www.facebook.com\/www.sulin.ee\/\",\"https:\/\/www.instagram.com\/sulintrade\/\"]}]}<\/script>\n<!-- \/ Yoast SEO plugin. -->","yoast_head_json":{"title":"Jollein vooditasku - sulin.ee","description":"Jollein vooditasku on k\u00e4ep\u00e4rane velvetist hoiustamiskott, kus on mugav hoiustada vajalikke ja k\u00e4ep\u00e4raseid asju. Sobib igasse interj\u00f6\u00f6ri.","robots":{"index":"index","follow":"follow","max-snippet":"max-snippet:-1","max-image-preview":"max-image-preview:large","max-video-preview":"max-video-preview:-1"},"canonical":"https:\/\/sulin.ee\/en\/toode\/jollein-vooditasku\/","og_locale":"en_US","og_type":"article","og_title":"Jollein vooditasku - sulin.ee","og_description":"Jollein vooditasku on k\u00e4ep\u00e4rane velvetist hoiustamiskott, kus on mugav hoiustada vajalikke ja k\u00e4ep\u00e4raseid asju. Sobib igasse interj\u00f6\u00f6ri.","og_url":"https:\/\/sulin.ee\/en\/toode\/jollein-vooditasku\/","og_site_name":"sulin.ee","article_publisher":"https:\/\/www.facebook.com\/www.sulin.ee\/","article_modified_time":"2026-04-05T13:01:03+00:00","og_image":[{"width":800,"height":789,"url":"https:\/\/sulin.ee\/wp-content\/uploads\/2023\/02\/Jollein2021Zomer13811-e1675433071270.jpg","type":"image\/jpeg"}],"twitter_card":"summary_large_image","twitter_misc":{"Est. reading time":"1 minute"},"schema":{"@context":"https:\/\/schema.org","@graph":[{"@type":"WebPage","@id":"https:\/\/sulin.ee\/en\/toode\/jollein-vooditasku\/","url":"https:\/\/sulin.ee\/en\/toode\/jollein-vooditasku\/","name":"Jollein vooditasku - sulin.ee","isPartOf":{"@id":"https:\/\/sulin.ee\/en\/#website"},"primaryImageOfPage":{"@id":"https:\/\/sulin.ee\/en\/toode\/jollein-vooditasku\/#primaryimage"},"image":{"@id":"https:\/\/sulin.ee\/en\/toode\/jollein-vooditasku\/#primaryimage"},"thumbnailUrl":"https:\/\/sulin.ee\/wp-content\/uploads\/2023\/02\/Jollein2021Zomer13811-e1675433071270.jpg","datePublished":"2023-02-06T14:09:09+00:00","dateModified":"2026-04-05T13:01:03+00:00","description":"Jollein vooditasku on k\u00e4ep\u00e4rane velvetist hoiustamiskott, kus on mugav hoiustada vajalikke ja k\u00e4ep\u00e4raseid asju. Sobib igasse interj\u00f6\u00f6ri.","breadcrumb":{"@id":"https:\/\/sulin.ee\/en\/toode\/jollein-vooditasku\/#breadcrumb"},"inLanguage":"en-US","potentialAction":[{"@type":"ReadAction","target":["https:\/\/sulin.ee\/en\/toode\/jollein-vooditasku\/"]}]},{"@type":"ImageObject","inLanguage":"en-US","@id":"https:\/\/sulin.ee\/en\/toode\/jollein-vooditasku\/#primaryimage","url":"https:\/\/sulin.ee\/wp-content\/uploads\/2023\/02\/Jollein2021Zomer13811-e1675433071270.jpg","contentUrl":"https:\/\/sulin.ee\/wp-content\/uploads\/2023\/02\/Jollein2021Zomer13811-e1675433071270.jpg","width":800,"height":789,"caption":"Jollein vooditasku"},{"@type":"BreadcrumbList","@id":"https:\/\/sulin.ee\/en\/toode\/jollein-vooditasku\/#breadcrumb","itemListElement":[{"@type":"ListItem","position":1,"name":"Home","item":"https:\/\/sulin.ee\/en\/"},{"@type":"ListItem","position":2,"name":"Sulin.ee e-pood","item":"https:\/\/sulin.ee\/shop\/"},{"@type":"ListItem","position":3,"name":"Jollein vooditasku"}]},{"@type":"WebSite","@id":"https:\/\/sulin.ee\/en\/#website","url":"https:\/\/sulin.ee\/en\/","name":"sulin.ee","description":"","publisher":{"@id":"https:\/\/sulin.ee\/en\/#organization"},"potentialAction":[{"@type":"SearchAction","target":{"@type":"EntryPoint","urlTemplate":"https:\/\/sulin.ee\/en\/?s={search_term_string}"},"query-input":{"@type":"PropertyValueSpecification","valueRequired":true,"valueName":"search_term_string"}}],"inLanguage":"en-US"},{"@type":"Organization","@id":"https:\/\/sulin.ee\/en\/#organization","name":"SULIN TRADE O\u00dc","url":"https:\/\/sulin.ee\/en\/","logo":{"@type":"ImageObject","inLanguage":"en-US","@id":"https:\/\/sulin.ee\/en\/#\/schema\/logo\/image\/","url":"https:\/\/sulin.ee\/wp-content\/uploads\/2022\/11\/sulin-logo.png","contentUrl":"https:\/\/sulin.ee\/wp-content\/uploads\/2022\/11\/sulin-logo.png","width":871,"height":321,"caption":"SULIN TRADE O\u00dc"},"image":{"@id":"https:\/\/sulin.ee\/en\/#\/schema\/logo\/image\/"},"sameAs":["https:\/\/www.facebook.com\/www.sulin.ee\/","https:\/\/www.instagram.com\/sulintrade\/"]}]}},"builder_content":"","_links":{"self":[{"href":"https:\/\/sulin.ee\/en\/wp-json\/wp\/v2\/product\/10375","targetHints":{"allow":["GET"]}}],"collection":[{"href":"https:\/\/sulin.ee\/en\/wp-json\/wp\/v2\/product"}],"about":[{"href":"https:\/\/sulin.ee\/en\/wp-json\/wp\/v2\/types\/product"}],"replies":[{"embeddable":true,"href":"https:\/\/sulin.ee\/en\/wp-json\/wp\/v2\/comments?post=10375"}],"wp:featuredmedia":[{"embeddable":true,"href":"https:\/\/sulin.ee\/en\/wp-json\/wp\/v2\/media\/10378"}],"wp:attachment":[{"href":"https:\/\/sulin.ee\/en\/wp-json\/wp\/v2\/media?parent=10375"}],"wp:term":[{"taxonomy":"product_brand","embeddable":true,"href":"https:\/\/sulin.ee\/en\/wp-json\/wp\/v2\/product_brand?post=10375"},{"taxonomy":"product_cat","embeddable":true,"href":"https:\/\/sulin.ee\/en\/wp-json\/wp\/v2\/product_cat?post=10375"},{"taxonomy":"product_tag","embeddable":true,"href":"https:\/\/sulin.ee\/en\/wp-json\/wp\/v2\/product_tag?post=10375"}],"curies":[{"name":"wp","href":"https:\/\/api.w.org\/{rel}","templated":true}]}}