{"id":10277,"date":"2023-02-06T14:11:27","date_gmt":"2023-02-06T14:11:27","guid":{"rendered":"https:\/\/sulin.ee\/?post_type=product&#038;p=10277"},"modified":"2025-09-07T21:48:12","modified_gmt":"2025-09-07T21:48:12","slug":"jollein-turvavooavadega-magamiskott-bunny","status":"publish","type":"product","link":"https:\/\/sulin.ee\/en\/toode\/jollein-turvavooavadega-magamiskott-bunny\/","title":{"rendered":"Jollein turvav\u00f6\u00f6avadega magamiskott Bunny"},"content":{"rendered":"<p><strong>Jollein turvav\u00f6\u00f6avadega magamiskott Bunny on v\u00e4ljast koheva karvase v\u00e4limusega ja seest paitavalt pehme. Kott sobib kasutamiseks koheselt peale beebi s\u00fcndi ning t\u00e4nu seljal olevatele lisaavadele saab seda kasutada ka turvah\u00e4llis.<\/strong><\/p>\n<p>M\u00e4hi oma beebi sellesse sooja pehmusesse ning kinnita mugavalt takjapaelaga. Kussuta beebi tuttu ja aseta koos kotiga voodisse. Tekis olles s\u00e4ilib \u00fchtlane temperatuur ja beebi ei \u00e4rka \u00fclesse, kui ta oma voodisse asetad.<\/p>\n<p>Jollein magamiskott on valmistatud pehmest ja kohevast fliismaterjalist (bereber fleece) ning selle suurus on 100 x 105 cm.<\/p>\n<p>Universaalne magamiskott sobib beebidele vanuses 0-9 kuud, kasutamiseks Maxi-Cosi ja teiste kaubam\u00e4rkide turvah\u00e4llides, millel on kolme v\u00f5i viie punkti turvav\u00f6\u00f6. Vaata l\u00e4hemalt tutvustavat <span style=\"color: #0000ff;\"><a style=\"color: #0000ff;\" href=\"https:\/\/www.youtube.com\/watch?v=1o3UPQH-rPc\" target=\"_blank\" rel=\"noopener\">videot<\/a><\/span>, kuidas magamiskotti turvah\u00e4llis kasutada.<\/p>\n<p>Vaata ka teisi Jollein <span style=\"color: #0000ff;\"><a style=\"color: #0000ff;\" href=\"https:\/\/sulin.ee\/tootekategooria\/beebid\/magamine-beebi\/magamiskotid\/\" target=\"_blank\" rel=\"noopener\">varrukatega magamiskotte<\/a><\/span>.<\/p>\n<p>Lisaks magamiskottidele leiad meilt ka <span style=\"color: #0000ff;\"><a style=\"color: #0000ff;\" href=\"https:\/\/sulin.ee\/toode\/jollein-pehme-puuvillane-tekk-75-x-100-cm\/\" target=\"_blank\" rel=\"noopener\">pehmed puuvillased tekid.<\/a><\/span><\/p>\n","protected":false},"excerpt":{"rendered":"<p><strong>Magamiskott Bunny on v\u00e4ljast koheva karvase v\u00e4limusega ja seest paitavalt pehme. Kott sobib kasutamiseks koheselt peale beebi s\u00fcndi ning t\u00e4nu seljal olevatele lisaavadele saab seda kasutada ka turvah\u00e4llis.<\/strong><\/p>\n<p>Universaalne magamiskott sobib beebidele vanuses 0-9 kuud, kasutamiseks Maxi-Cosi ja teiste kaubam\u00e4rkide turvah\u00e4llides, millel on kolme v\u00f5i viie punkti turvav\u00f6\u00f6. Vaata l\u00e4hemalt tutvustavat <span style=\"color: #0000ff;\"><a style=\"color: #0000ff;\" href=\"https:\/\/www.youtube.com\/watch?v=1o3UPQH-rPc\" target=\"_blank\" rel=\"noopener\">videot<\/a><\/span>, kuidas magamiskotti turvah\u00e4llis kasutada.<\/p>\n","protected":false},"featured_media":18436,"comment_status":"open","ping_status":"closed","template":"","meta":[],"product_brand":[],"product_cat":[809,776],"product_tag":[],"class_list":{"0":"post-10277","1":"product","2":"type-product","3":"status-publish","4":"has-post-thumbnail","6":"product_cat-magamiskotid","7":"product_cat-jollein-2","8":"has-post-title","9":"has-post-date","10":"has-post-category","11":"has-post-tag","12":"has-post-comment","13":"has-post-author","14":"","16":"first","17":"instock","18":"sale","19":"taxable","20":"shipping-taxable","21":"purchasable","22":"product-type-variable"},"yoast_head":"<!-- This site is optimized with the Yoast SEO plugin v26.8 - https:\/\/yoast.com\/product\/yoast-seo-wordpress\/ -->\n<title>Jollein turvav\u00f6\u00f6avadega magamiskott Bunny - sulin.ee<\/title>\n<meta name=\"description\" content=\"Jollein turvav\u00f6\u00f6avadega magamiskott Bunny on v\u00e4ljast koheva karvase v\u00e4limusega ja seest paitavalt pehme. T\u00e4nu lisaavadele saab seda kasutada ka turvatoolis.\" \/>\n<meta name=\"robots\" content=\"index, follow, max-snippet:-1, max-image-preview:large, max-video-preview:-1\" \/>\n<link rel=\"canonical\" href=\"https:\/\/sulin.ee\/en\/toode\/jollein-turvavooavadega-magamiskott-bunny\/\" \/>\n<meta property=\"og:locale\" content=\"en_US\" \/>\n<meta property=\"og:type\" content=\"article\" \/>\n<meta property=\"og:title\" content=\"Jollein turvav\u00f6\u00f6avadega magamiskott Bunny - sulin.ee\" \/>\n<meta property=\"og:description\" content=\"Jollein turvav\u00f6\u00f6avadega magamiskott Bunny on v\u00e4ljast koheva karvase v\u00e4limusega ja seest paitavalt pehme. T\u00e4nu lisaavadele saab seda kasutada ka turvatoolis.\" \/>\n<meta property=\"og:url\" content=\"https:\/\/sulin.ee\/en\/toode\/jollein-turvavooavadega-magamiskott-bunny\/\" \/>\n<meta property=\"og:site_name\" content=\"sulin.ee\" \/>\n<meta property=\"article:publisher\" content=\"https:\/\/www.facebook.com\/www.sulin.ee\/\" \/>\n<meta property=\"article:modified_time\" content=\"2025-09-07T21:48:12+00:00\" \/>\n<meta property=\"og:image\" content=\"https:\/\/sulin.ee\/wp-content\/uploads\/2023\/02\/Piltide-korrektuurid-kodulehel-34.png\" \/>\n\t<meta property=\"og:image:width\" content=\"1080\" \/>\n\t<meta property=\"og:image:height\" content=\"1080\" \/>\n\t<meta property=\"og:image:type\" content=\"image\/png\" \/>\n<meta name=\"twitter:card\" content=\"summary_large_image\" \/>\n<meta name=\"twitter:label1\" content=\"Est. reading time\" \/>\n\t<meta name=\"twitter:data1\" content=\"1 minute\" \/>\n<script type=\"application\/ld+json\" class=\"yoast-schema-graph\">{\"@context\":\"https:\/\/schema.org\",\"@graph\":[{\"@type\":\"WebPage\",\"@id\":\"https:\/\/sulin.ee\/en\/toode\/jollein-turvavooavadega-magamiskott-bunny\/\",\"url\":\"https:\/\/sulin.ee\/en\/toode\/jollein-turvavooavadega-magamiskott-bunny\/\",\"name\":\"Jollein turvav\u00f6\u00f6avadega magamiskott Bunny - sulin.ee\",\"isPartOf\":{\"@id\":\"https:\/\/sulin.ee\/en\/#website\"},\"primaryImageOfPage\":{\"@id\":\"https:\/\/sulin.ee\/en\/toode\/jollein-turvavooavadega-magamiskott-bunny\/#primaryimage\"},\"image\":{\"@id\":\"https:\/\/sulin.ee\/en\/toode\/jollein-turvavooavadega-magamiskott-bunny\/#primaryimage\"},\"thumbnailUrl\":\"https:\/\/sulin.ee\/wp-content\/uploads\/2023\/02\/Piltide-korrektuurid-kodulehel-34.png\",\"datePublished\":\"2023-02-06T14:11:27+00:00\",\"dateModified\":\"2025-09-07T21:48:12+00:00\",\"description\":\"Jollein turvav\u00f6\u00f6avadega magamiskott Bunny on v\u00e4ljast koheva karvase v\u00e4limusega ja seest paitavalt pehme. T\u00e4nu lisaavadele saab seda kasutada ka turvatoolis.\",\"breadcrumb\":{\"@id\":\"https:\/\/sulin.ee\/en\/toode\/jollein-turvavooavadega-magamiskott-bunny\/#breadcrumb\"},\"inLanguage\":\"en-US\",\"potentialAction\":[{\"@type\":\"ReadAction\",\"target\":[\"https:\/\/sulin.ee\/en\/toode\/jollein-turvavooavadega-magamiskott-bunny\/\"]}]},{\"@type\":\"ImageObject\",\"inLanguage\":\"en-US\",\"@id\":\"https:\/\/sulin.ee\/en\/toode\/jollein-turvavooavadega-magamiskott-bunny\/#primaryimage\",\"url\":\"https:\/\/sulin.ee\/wp-content\/uploads\/2023\/02\/Piltide-korrektuurid-kodulehel-34.png\",\"contentUrl\":\"https:\/\/sulin.ee\/wp-content\/uploads\/2023\/02\/Piltide-korrektuurid-kodulehel-34.png\",\"width\":1080,\"height\":1080},{\"@type\":\"BreadcrumbList\",\"@id\":\"https:\/\/sulin.ee\/en\/toode\/jollein-turvavooavadega-magamiskott-bunny\/#breadcrumb\",\"itemListElement\":[{\"@type\":\"ListItem\",\"position\":1,\"name\":\"Home\",\"item\":\"https:\/\/sulin.ee\/en\/\"},{\"@type\":\"ListItem\",\"position\":2,\"name\":\"Sulin.ee e-pood\",\"item\":\"https:\/\/sulin.ee\/shop\/\"},{\"@type\":\"ListItem\",\"position\":3,\"name\":\"Jollein turvav\u00f6\u00f6avadega magamiskott Bunny\"}]},{\"@type\":\"WebSite\",\"@id\":\"https:\/\/sulin.ee\/en\/#website\",\"url\":\"https:\/\/sulin.ee\/en\/\",\"name\":\"sulin.ee\",\"description\":\"\",\"publisher\":{\"@id\":\"https:\/\/sulin.ee\/en\/#organization\"},\"potentialAction\":[{\"@type\":\"SearchAction\",\"target\":{\"@type\":\"EntryPoint\",\"urlTemplate\":\"https:\/\/sulin.ee\/en\/?s={search_term_string}\"},\"query-input\":{\"@type\":\"PropertyValueSpecification\",\"valueRequired\":true,\"valueName\":\"search_term_string\"}}],\"inLanguage\":\"en-US\"},{\"@type\":\"Organization\",\"@id\":\"https:\/\/sulin.ee\/en\/#organization\",\"name\":\"SULIN TRADE O\u00dc\",\"url\":\"https:\/\/sulin.ee\/en\/\",\"logo\":{\"@type\":\"ImageObject\",\"inLanguage\":\"en-US\",\"@id\":\"https:\/\/sulin.ee\/en\/#\/schema\/logo\/image\/\",\"url\":\"https:\/\/sulin.ee\/wp-content\/uploads\/2022\/11\/sulin-logo.png\",\"contentUrl\":\"https:\/\/sulin.ee\/wp-content\/uploads\/2022\/11\/sulin-logo.png\",\"width\":871,\"height\":321,\"caption\":\"SULIN TRADE O\u00dc\"},\"image\":{\"@id\":\"https:\/\/sulin.ee\/en\/#\/schema\/logo\/image\/\"},\"sameAs\":[\"https:\/\/www.facebook.com\/www.sulin.ee\/\",\"https:\/\/www.instagram.com\/sulintrade\/\"]}]}<\/script>\n<!-- \/ Yoast SEO plugin. -->","yoast_head_json":{"title":"Jollein turvav\u00f6\u00f6avadega magamiskott Bunny - sulin.ee","description":"Jollein turvav\u00f6\u00f6avadega magamiskott Bunny on v\u00e4ljast koheva karvase v\u00e4limusega ja seest paitavalt pehme. T\u00e4nu lisaavadele saab seda kasutada ka turvatoolis.","robots":{"index":"index","follow":"follow","max-snippet":"max-snippet:-1","max-image-preview":"max-image-preview:large","max-video-preview":"max-video-preview:-1"},"canonical":"https:\/\/sulin.ee\/en\/toode\/jollein-turvavooavadega-magamiskott-bunny\/","og_locale":"en_US","og_type":"article","og_title":"Jollein turvav\u00f6\u00f6avadega magamiskott Bunny - sulin.ee","og_description":"Jollein turvav\u00f6\u00f6avadega magamiskott Bunny on v\u00e4ljast koheva karvase v\u00e4limusega ja seest paitavalt pehme. T\u00e4nu lisaavadele saab seda kasutada ka turvatoolis.","og_url":"https:\/\/sulin.ee\/en\/toode\/jollein-turvavooavadega-magamiskott-bunny\/","og_site_name":"sulin.ee","article_publisher":"https:\/\/www.facebook.com\/www.sulin.ee\/","article_modified_time":"2025-09-07T21:48:12+00:00","og_image":[{"width":1080,"height":1080,"url":"https:\/\/sulin.ee\/wp-content\/uploads\/2023\/02\/Piltide-korrektuurid-kodulehel-34.png","type":"image\/png"}],"twitter_card":"summary_large_image","twitter_misc":{"Est. reading time":"1 minute"},"schema":{"@context":"https:\/\/schema.org","@graph":[{"@type":"WebPage","@id":"https:\/\/sulin.ee\/en\/toode\/jollein-turvavooavadega-magamiskott-bunny\/","url":"https:\/\/sulin.ee\/en\/toode\/jollein-turvavooavadega-magamiskott-bunny\/","name":"Jollein turvav\u00f6\u00f6avadega magamiskott Bunny - sulin.ee","isPartOf":{"@id":"https:\/\/sulin.ee\/en\/#website"},"primaryImageOfPage":{"@id":"https:\/\/sulin.ee\/en\/toode\/jollein-turvavooavadega-magamiskott-bunny\/#primaryimage"},"image":{"@id":"https:\/\/sulin.ee\/en\/toode\/jollein-turvavooavadega-magamiskott-bunny\/#primaryimage"},"thumbnailUrl":"https:\/\/sulin.ee\/wp-content\/uploads\/2023\/02\/Piltide-korrektuurid-kodulehel-34.png","datePublished":"2023-02-06T14:11:27+00:00","dateModified":"2025-09-07T21:48:12+00:00","description":"Jollein turvav\u00f6\u00f6avadega magamiskott Bunny on v\u00e4ljast koheva karvase v\u00e4limusega ja seest paitavalt pehme. T\u00e4nu lisaavadele saab seda kasutada ka turvatoolis.","breadcrumb":{"@id":"https:\/\/sulin.ee\/en\/toode\/jollein-turvavooavadega-magamiskott-bunny\/#breadcrumb"},"inLanguage":"en-US","potentialAction":[{"@type":"ReadAction","target":["https:\/\/sulin.ee\/en\/toode\/jollein-turvavooavadega-magamiskott-bunny\/"]}]},{"@type":"ImageObject","inLanguage":"en-US","@id":"https:\/\/sulin.ee\/en\/toode\/jollein-turvavooavadega-magamiskott-bunny\/#primaryimage","url":"https:\/\/sulin.ee\/wp-content\/uploads\/2023\/02\/Piltide-korrektuurid-kodulehel-34.png","contentUrl":"https:\/\/sulin.ee\/wp-content\/uploads\/2023\/02\/Piltide-korrektuurid-kodulehel-34.png","width":1080,"height":1080},{"@type":"BreadcrumbList","@id":"https:\/\/sulin.ee\/en\/toode\/jollein-turvavooavadega-magamiskott-bunny\/#breadcrumb","itemListElement":[{"@type":"ListItem","position":1,"name":"Home","item":"https:\/\/sulin.ee\/en\/"},{"@type":"ListItem","position":2,"name":"Sulin.ee e-pood","item":"https:\/\/sulin.ee\/shop\/"},{"@type":"ListItem","position":3,"name":"Jollein turvav\u00f6\u00f6avadega magamiskott Bunny"}]},{"@type":"WebSite","@id":"https:\/\/sulin.ee\/en\/#website","url":"https:\/\/sulin.ee\/en\/","name":"sulin.ee","description":"","publisher":{"@id":"https:\/\/sulin.ee\/en\/#organization"},"potentialAction":[{"@type":"SearchAction","target":{"@type":"EntryPoint","urlTemplate":"https:\/\/sulin.ee\/en\/?s={search_term_string}"},"query-input":{"@type":"PropertyValueSpecification","valueRequired":true,"valueName":"search_term_string"}}],"inLanguage":"en-US"},{"@type":"Organization","@id":"https:\/\/sulin.ee\/en\/#organization","name":"SULIN TRADE O\u00dc","url":"https:\/\/sulin.ee\/en\/","logo":{"@type":"ImageObject","inLanguage":"en-US","@id":"https:\/\/sulin.ee\/en\/#\/schema\/logo\/image\/","url":"https:\/\/sulin.ee\/wp-content\/uploads\/2022\/11\/sulin-logo.png","contentUrl":"https:\/\/sulin.ee\/wp-content\/uploads\/2022\/11\/sulin-logo.png","width":871,"height":321,"caption":"SULIN TRADE O\u00dc"},"image":{"@id":"https:\/\/sulin.ee\/en\/#\/schema\/logo\/image\/"},"sameAs":["https:\/\/www.facebook.com\/www.sulin.ee\/","https:\/\/www.instagram.com\/sulintrade\/"]}]}},"builder_content":"","_links":{"self":[{"href":"https:\/\/sulin.ee\/en\/wp-json\/wp\/v2\/product\/10277","targetHints":{"allow":["GET"]}}],"collection":[{"href":"https:\/\/sulin.ee\/en\/wp-json\/wp\/v2\/product"}],"about":[{"href":"https:\/\/sulin.ee\/en\/wp-json\/wp\/v2\/types\/product"}],"replies":[{"embeddable":true,"href":"https:\/\/sulin.ee\/en\/wp-json\/wp\/v2\/comments?post=10277"}],"wp:featuredmedia":[{"embeddable":true,"href":"https:\/\/sulin.ee\/en\/wp-json\/wp\/v2\/media\/18436"}],"wp:attachment":[{"href":"https:\/\/sulin.ee\/en\/wp-json\/wp\/v2\/media?parent=10277"}],"wp:term":[{"taxonomy":"product_brand","embeddable":true,"href":"https:\/\/sulin.ee\/en\/wp-json\/wp\/v2\/product_brand?post=10277"},{"taxonomy":"product_cat","embeddable":true,"href":"https:\/\/sulin.ee\/en\/wp-json\/wp\/v2\/product_cat?post=10277"},{"taxonomy":"product_tag","embeddable":true,"href":"https:\/\/sulin.ee\/en\/wp-json\/wp\/v2\/product_tag?post=10277"}],"curies":[{"name":"wp","href":"https:\/\/api.w.org\/{rel}","templated":true}]}}