{"id":10185,"date":"2023-02-02T19:27:46","date_gmt":"2023-02-02T19:27:46","guid":{"rendered":"https:\/\/sulin.ee\/?post_type=product&#038;p=10185"},"modified":"2026-02-07T15:18:59","modified_gmt":"2026-02-07T15:18:59","slug":"laste-hommikumantel-jollein-1-2-aastastele","status":"publish","type":"product","link":"https:\/\/sulin.ee\/en\/toode\/laste-hommikumantel-jollein-1-2-aastastele\/","title":{"rendered":"Laste hommikumantel Jollein (1-2 aastastele)"},"content":{"rendered":"<p><strong>Laste hommikumantel <a href=\"https:\/\/jollein.com\/\" target=\"_blank\" rel=\"noopener\">Jollein<\/a> (1-2 aastastele) \u2013 mugav ja praktiline kaaslane igaks p\u00e4evaks<\/strong><\/p>\n<p>See 100% puuvillasest froteest valmistatud laste hommikumantel on ideaalne valik p\u00e4rast m\u00f5nusat vannisk\u00e4iku, basseinis ujumist v\u00f5i du\u0161i alt tulemist. <strong>Puuvillane frotee<\/strong> on erakordselt pehme ja \u00f5rn lapse naha vastu, imades kiiresti niiskust, et laps tunneks end soojalt ja mugavalt. See aitab v\u00e4ltida jahtumist ja tagab, et lapsel on peale suplust alati m\u00f5nus ja soe olla.<\/p>\n<p>Hommikumantlil on lisaks ka armas <strong>k\u00f5rvadega kapuuts<\/strong>, mis kaitseb m\u00e4rga pead ja aitab juustel kiiremini kuivada. Kapuutsiga hommikumantel lisab lapse igap\u00e4evasele vannirituaalile m\u00e4ngulist v\u00f5lu, olles samal ajal funktsionaalne ja praktiline.<\/p>\n<p>Mantlil on <strong>k\u00fclge kinnitatud v\u00f6\u00f6<\/strong>, mis hoiab \u00e4ra tavap\u00e4rase probleemi, kus v\u00f6\u00f6 kipub \u00e4ra kaduma v\u00f5i kaotsi minema. N\u00fc\u00fcd v\u00f5id olla kindel, et v\u00f6\u00f6 on alati k\u00e4ep\u00e4rast ja turvaliselt mantli k\u00fclge kinnitatud (vaata lisapilte). Lisaks sellele kinnitub hommikumantel ees <strong>truki<\/strong> abil, mis tagab, et mantel p\u00fcsib lapse seljas mugavalt ja kindlalt.<\/p>\n<p><strong>Praktiline ja mitmek\u00fclgne hommikumantel<\/strong> on ideaalne nii kodus p\u00e4rast suplemist, kui ka rannap\u00e4evadel v\u00f5i basseini \u00e4\u00e4res kasutamiseks. Sobib suurep\u00e4raselt lastele, pakkudes neile nii soojust kui ka mugavust igal hetkel.<\/p>\n<p>Vaata veel lastele m\u00f5eldud hommikumantelid <a href=\"https:\/\/sulin.ee\/en\/tootekategooria\/lapsele\/hoolitsus\/hommikumantlid\/\" target=\"_blank\" rel=\"noopener\">siit<\/a>.<\/p>\n","protected":false},"excerpt":{"rendered":"<p><strong>Praktiline ese, mida on hea kasutada peale m\u00f5nusat suplust vannis, basseinis v\u00f5i du\u0161\u0161i alt tulles. Puuvilla frotee on m\u00f5nusalt pehme ja imab kiiresti vedelikku. Laps ei k\u00fclmeta ning tal on hea soe olla.<\/strong><\/p>\n<p><strong>Valmistatud 100% puuvilla froteest.<\/strong><\/p>\n","protected":false},"featured_media":10239,"comment_status":"open","ping_status":"closed","template":"","meta":[],"product_brand":[],"product_cat":[808,776],"product_tag":[],"class_list":{"0":"post-10185","1":"product","2":"type-product","3":"status-publish","4":"has-post-thumbnail","6":"product_cat-hommikumantlid","7":"product_cat-jollein-2","8":"has-post-title","9":"has-post-date","10":"has-post-category","11":"has-post-tag","12":"has-post-comment","13":"has-post-author","14":"","16":"first","17":"instock","18":"sale","19":"taxable","20":"shipping-taxable","21":"purchasable","22":"product-type-variable"},"yoast_head":"<!-- This site is optimized with the Yoast SEO plugin v26.8 - https:\/\/yoast.com\/product\/yoast-seo-wordpress\/ -->\n<title>Laste hommikumantel Jollein (1-2 aastastele) - sulin.ee<\/title>\n<meta name=\"description\" content=\"Laste hommikumantel, mis on valmistatud 100% puuvilla froteest. Praktiline ese mida on hea kasutada peale m\u00f5nusat suplust vannis v\u00f5i basseinis.\" \/>\n<meta name=\"robots\" content=\"index, follow, max-snippet:-1, max-image-preview:large, max-video-preview:-1\" \/>\n<link rel=\"canonical\" href=\"https:\/\/sulin.ee\/en\/toode\/laste-hommikumantel-jollein-1-2-aastastele\/\" \/>\n<meta property=\"og:locale\" content=\"en_US\" \/>\n<meta property=\"og:type\" content=\"article\" \/>\n<meta property=\"og:title\" content=\"Laste hommikumantel Jollein (1-2 aastastele) - sulin.ee\" \/>\n<meta property=\"og:description\" content=\"Laste hommikumantel, mis on valmistatud 100% puuvilla froteest. Praktiline ese mida on hea kasutada peale m\u00f5nusat suplust vannis v\u00f5i basseinis.\" \/>\n<meta property=\"og:url\" content=\"https:\/\/sulin.ee\/en\/toode\/laste-hommikumantel-jollein-1-2-aastastele\/\" \/>\n<meta property=\"og:site_name\" content=\"sulin.ee\" \/>\n<meta property=\"article:publisher\" content=\"https:\/\/www.facebook.com\/www.sulin.ee\/\" \/>\n<meta property=\"article:modified_time\" content=\"2026-02-07T15:18:59+00:00\" \/>\n<meta property=\"og:image\" content=\"https:\/\/sulin.ee\/wp-content\/uploads\/2023\/01\/Jollein2021Zomer11630.jpg\" \/>\n\t<meta property=\"og:image:width\" content=\"800\" \/>\n\t<meta property=\"og:image:height\" content=\"1200\" \/>\n\t<meta property=\"og:image:type\" content=\"image\/jpeg\" \/>\n<meta name=\"twitter:card\" content=\"summary_large_image\" \/>\n<meta name=\"twitter:label1\" content=\"Est. reading time\" \/>\n\t<meta name=\"twitter:data1\" content=\"2 minutes\" \/>\n<script type=\"application\/ld+json\" class=\"yoast-schema-graph\">{\"@context\":\"https:\/\/schema.org\",\"@graph\":[{\"@type\":\"WebPage\",\"@id\":\"https:\/\/sulin.ee\/en\/toode\/laste-hommikumantel-jollein-1-2-aastastele\/\",\"url\":\"https:\/\/sulin.ee\/en\/toode\/laste-hommikumantel-jollein-1-2-aastastele\/\",\"name\":\"Laste hommikumantel Jollein (1-2 aastastele) - sulin.ee\",\"isPartOf\":{\"@id\":\"https:\/\/sulin.ee\/en\/#website\"},\"primaryImageOfPage\":{\"@id\":\"https:\/\/sulin.ee\/en\/toode\/laste-hommikumantel-jollein-1-2-aastastele\/#primaryimage\"},\"image\":{\"@id\":\"https:\/\/sulin.ee\/en\/toode\/laste-hommikumantel-jollein-1-2-aastastele\/#primaryimage\"},\"thumbnailUrl\":\"https:\/\/sulin.ee\/wp-content\/uploads\/2023\/01\/Jollein2021Zomer11630.jpg\",\"datePublished\":\"2023-02-02T19:27:46+00:00\",\"dateModified\":\"2026-02-07T15:18:59+00:00\",\"description\":\"Laste hommikumantel, mis on valmistatud 100% puuvilla froteest. Praktiline ese mida on hea kasutada peale m\u00f5nusat suplust vannis v\u00f5i basseinis.\",\"breadcrumb\":{\"@id\":\"https:\/\/sulin.ee\/en\/toode\/laste-hommikumantel-jollein-1-2-aastastele\/#breadcrumb\"},\"inLanguage\":\"en-US\",\"potentialAction\":[{\"@type\":\"ReadAction\",\"target\":[\"https:\/\/sulin.ee\/en\/toode\/laste-hommikumantel-jollein-1-2-aastastele\/\"]}]},{\"@type\":\"ImageObject\",\"inLanguage\":\"en-US\",\"@id\":\"https:\/\/sulin.ee\/en\/toode\/laste-hommikumantel-jollein-1-2-aastastele\/#primaryimage\",\"url\":\"https:\/\/sulin.ee\/wp-content\/uploads\/2023\/01\/Jollein2021Zomer11630.jpg\",\"contentUrl\":\"https:\/\/sulin.ee\/wp-content\/uploads\/2023\/01\/Jollein2021Zomer11630.jpg\",\"width\":800,\"height\":1200,\"caption\":\"Laste hommikumantlid\"},{\"@type\":\"BreadcrumbList\",\"@id\":\"https:\/\/sulin.ee\/en\/toode\/laste-hommikumantel-jollein-1-2-aastastele\/#breadcrumb\",\"itemListElement\":[{\"@type\":\"ListItem\",\"position\":1,\"name\":\"Home\",\"item\":\"https:\/\/sulin.ee\/en\/\"},{\"@type\":\"ListItem\",\"position\":2,\"name\":\"Sulin.ee e-pood\",\"item\":\"https:\/\/sulin.ee\/shop\/\"},{\"@type\":\"ListItem\",\"position\":3,\"name\":\"Laste hommikumantel Jollein (1-2 aastastele)\"}]},{\"@type\":\"WebSite\",\"@id\":\"https:\/\/sulin.ee\/en\/#website\",\"url\":\"https:\/\/sulin.ee\/en\/\",\"name\":\"sulin.ee\",\"description\":\"\",\"publisher\":{\"@id\":\"https:\/\/sulin.ee\/en\/#organization\"},\"potentialAction\":[{\"@type\":\"SearchAction\",\"target\":{\"@type\":\"EntryPoint\",\"urlTemplate\":\"https:\/\/sulin.ee\/en\/?s={search_term_string}\"},\"query-input\":{\"@type\":\"PropertyValueSpecification\",\"valueRequired\":true,\"valueName\":\"search_term_string\"}}],\"inLanguage\":\"en-US\"},{\"@type\":\"Organization\",\"@id\":\"https:\/\/sulin.ee\/en\/#organization\",\"name\":\"SULIN TRADE O\u00dc\",\"url\":\"https:\/\/sulin.ee\/en\/\",\"logo\":{\"@type\":\"ImageObject\",\"inLanguage\":\"en-US\",\"@id\":\"https:\/\/sulin.ee\/en\/#\/schema\/logo\/image\/\",\"url\":\"https:\/\/sulin.ee\/wp-content\/uploads\/2022\/11\/sulin-logo.png\",\"contentUrl\":\"https:\/\/sulin.ee\/wp-content\/uploads\/2022\/11\/sulin-logo.png\",\"width\":871,\"height\":321,\"caption\":\"SULIN TRADE O\u00dc\"},\"image\":{\"@id\":\"https:\/\/sulin.ee\/en\/#\/schema\/logo\/image\/\"},\"sameAs\":[\"https:\/\/www.facebook.com\/www.sulin.ee\/\",\"https:\/\/www.instagram.com\/sulintrade\/\"]}]}<\/script>\n<!-- \/ Yoast SEO plugin. -->","yoast_head_json":{"title":"Laste hommikumantel Jollein (1-2 aastastele) - sulin.ee","description":"Laste hommikumantel, mis on valmistatud 100% puuvilla froteest. Praktiline ese mida on hea kasutada peale m\u00f5nusat suplust vannis v\u00f5i basseinis.","robots":{"index":"index","follow":"follow","max-snippet":"max-snippet:-1","max-image-preview":"max-image-preview:large","max-video-preview":"max-video-preview:-1"},"canonical":"https:\/\/sulin.ee\/en\/toode\/laste-hommikumantel-jollein-1-2-aastastele\/","og_locale":"en_US","og_type":"article","og_title":"Laste hommikumantel Jollein (1-2 aastastele) - sulin.ee","og_description":"Laste hommikumantel, mis on valmistatud 100% puuvilla froteest. Praktiline ese mida on hea kasutada peale m\u00f5nusat suplust vannis v\u00f5i basseinis.","og_url":"https:\/\/sulin.ee\/en\/toode\/laste-hommikumantel-jollein-1-2-aastastele\/","og_site_name":"sulin.ee","article_publisher":"https:\/\/www.facebook.com\/www.sulin.ee\/","article_modified_time":"2026-02-07T15:18:59+00:00","og_image":[{"width":800,"height":1200,"url":"https:\/\/sulin.ee\/wp-content\/uploads\/2023\/01\/Jollein2021Zomer11630.jpg","type":"image\/jpeg"}],"twitter_card":"summary_large_image","twitter_misc":{"Est. reading time":"2 minutes"},"schema":{"@context":"https:\/\/schema.org","@graph":[{"@type":"WebPage","@id":"https:\/\/sulin.ee\/en\/toode\/laste-hommikumantel-jollein-1-2-aastastele\/","url":"https:\/\/sulin.ee\/en\/toode\/laste-hommikumantel-jollein-1-2-aastastele\/","name":"Laste hommikumantel Jollein (1-2 aastastele) - sulin.ee","isPartOf":{"@id":"https:\/\/sulin.ee\/en\/#website"},"primaryImageOfPage":{"@id":"https:\/\/sulin.ee\/en\/toode\/laste-hommikumantel-jollein-1-2-aastastele\/#primaryimage"},"image":{"@id":"https:\/\/sulin.ee\/en\/toode\/laste-hommikumantel-jollein-1-2-aastastele\/#primaryimage"},"thumbnailUrl":"https:\/\/sulin.ee\/wp-content\/uploads\/2023\/01\/Jollein2021Zomer11630.jpg","datePublished":"2023-02-02T19:27:46+00:00","dateModified":"2026-02-07T15:18:59+00:00","description":"Laste hommikumantel, mis on valmistatud 100% puuvilla froteest. Praktiline ese mida on hea kasutada peale m\u00f5nusat suplust vannis v\u00f5i basseinis.","breadcrumb":{"@id":"https:\/\/sulin.ee\/en\/toode\/laste-hommikumantel-jollein-1-2-aastastele\/#breadcrumb"},"inLanguage":"en-US","potentialAction":[{"@type":"ReadAction","target":["https:\/\/sulin.ee\/en\/toode\/laste-hommikumantel-jollein-1-2-aastastele\/"]}]},{"@type":"ImageObject","inLanguage":"en-US","@id":"https:\/\/sulin.ee\/en\/toode\/laste-hommikumantel-jollein-1-2-aastastele\/#primaryimage","url":"https:\/\/sulin.ee\/wp-content\/uploads\/2023\/01\/Jollein2021Zomer11630.jpg","contentUrl":"https:\/\/sulin.ee\/wp-content\/uploads\/2023\/01\/Jollein2021Zomer11630.jpg","width":800,"height":1200,"caption":"Laste hommikumantlid"},{"@type":"BreadcrumbList","@id":"https:\/\/sulin.ee\/en\/toode\/laste-hommikumantel-jollein-1-2-aastastele\/#breadcrumb","itemListElement":[{"@type":"ListItem","position":1,"name":"Home","item":"https:\/\/sulin.ee\/en\/"},{"@type":"ListItem","position":2,"name":"Sulin.ee e-pood","item":"https:\/\/sulin.ee\/shop\/"},{"@type":"ListItem","position":3,"name":"Laste hommikumantel Jollein (1-2 aastastele)"}]},{"@type":"WebSite","@id":"https:\/\/sulin.ee\/en\/#website","url":"https:\/\/sulin.ee\/en\/","name":"sulin.ee","description":"","publisher":{"@id":"https:\/\/sulin.ee\/en\/#organization"},"potentialAction":[{"@type":"SearchAction","target":{"@type":"EntryPoint","urlTemplate":"https:\/\/sulin.ee\/en\/?s={search_term_string}"},"query-input":{"@type":"PropertyValueSpecification","valueRequired":true,"valueName":"search_term_string"}}],"inLanguage":"en-US"},{"@type":"Organization","@id":"https:\/\/sulin.ee\/en\/#organization","name":"SULIN TRADE O\u00dc","url":"https:\/\/sulin.ee\/en\/","logo":{"@type":"ImageObject","inLanguage":"en-US","@id":"https:\/\/sulin.ee\/en\/#\/schema\/logo\/image\/","url":"https:\/\/sulin.ee\/wp-content\/uploads\/2022\/11\/sulin-logo.png","contentUrl":"https:\/\/sulin.ee\/wp-content\/uploads\/2022\/11\/sulin-logo.png","width":871,"height":321,"caption":"SULIN TRADE O\u00dc"},"image":{"@id":"https:\/\/sulin.ee\/en\/#\/schema\/logo\/image\/"},"sameAs":["https:\/\/www.facebook.com\/www.sulin.ee\/","https:\/\/www.instagram.com\/sulintrade\/"]}]}},"builder_content":"","_links":{"self":[{"href":"https:\/\/sulin.ee\/en\/wp-json\/wp\/v2\/product\/10185","targetHints":{"allow":["GET"]}}],"collection":[{"href":"https:\/\/sulin.ee\/en\/wp-json\/wp\/v2\/product"}],"about":[{"href":"https:\/\/sulin.ee\/en\/wp-json\/wp\/v2\/types\/product"}],"replies":[{"embeddable":true,"href":"https:\/\/sulin.ee\/en\/wp-json\/wp\/v2\/comments?post=10185"}],"wp:featuredmedia":[{"embeddable":true,"href":"https:\/\/sulin.ee\/en\/wp-json\/wp\/v2\/media\/10239"}],"wp:attachment":[{"href":"https:\/\/sulin.ee\/en\/wp-json\/wp\/v2\/media?parent=10185"}],"wp:term":[{"taxonomy":"product_brand","embeddable":true,"href":"https:\/\/sulin.ee\/en\/wp-json\/wp\/v2\/product_brand?post=10185"},{"taxonomy":"product_cat","embeddable":true,"href":"https:\/\/sulin.ee\/en\/wp-json\/wp\/v2\/product_cat?post=10185"},{"taxonomy":"product_tag","embeddable":true,"href":"https:\/\/sulin.ee\/en\/wp-json\/wp\/v2\/product_tag?post=10185"}],"curies":[{"name":"wp","href":"https:\/\/api.w.org\/{rel}","templated":true}]}}